{"id":640,"date":"2024-07-09T13:40:41","date_gmt":"2024-07-09T11:40:41","guid":{"rendered":"https:\/\/anr.gm.univ-montp2.fr\/?page_id=640"},"modified":"2024-07-26T12:35:15","modified_gmt":"2024-07-26T10:35:15","slug":"geologie-regionale","status":"publish","type":"page","link":"https:\/\/collectionsgeol3d.gm.umontpellier.fr\/?page_id=640","title":{"rendered":"G\u00e9ologie R\u00e9gionale"},"content":{"rendered":"\n<h2 style=\"font-family:Helvetica; font-size: 24px\"> \nVue d&#8217;ensemble\n<\/h2>\n\n\n\n<p style=\"font-family:Helvetica ;font-size: 16px; line-height: 22px; text-indent:2em; \", align=\"justify\"> \nLes \u00e9chantillons de la collection de l\u2019<a href=\"https:\/\/www.umontpellier.fr\/\" target=\"_blanck\" rel=\"noopener\">Universit\u00e9 de Montpellier<\/a> proviennent en majorit\u00e9 du sud de la France. L\u2019origine de ces <a href=\"https:\/\/collectionsgeol3d.gm.umontpellier.fr\/?page_id=635\">tectonites<\/a> est d\u00e9crite dans le premier onglet et montrent les diff\u00e9rentes zones d\u2019int\u00e9r\u00eat des chercheurs du laboratoire <a href=\"https:\/\/www.gm.umontpellier.fr\/\" target=\"_blanck\" rel=\"noopener\">G\u00e9osciences Montpellier<\/a>. De plus, la r\u00e9gion de Montpellier est une sublime zone d\u2019\u00e9tude g\u00e9ologique et sera d\u00e9taill\u00e9 dans le deuxi\u00e8me onglet.\n<\/p>\n\n\n\n<figure class=\"wp-block-gallery has-nested-images columns-default is-cropped wp-block-gallery-1 is-layout-flex wp-block-gallery-is-layout-flex\">\n<figure class=\"wp-block-image size-large\"><a href=\"https:\/\/collectionsgeol3d.gm.umontpellier.fr\/?page_id=1429\"><img loading=\"lazy\" decoding=\"async\" width=\"715\" height=\"402\" data-id=\"1425\" src=\"https:\/\/collectionsgeol3d.gm.umontpellier.fr\/wp-content\/uploads\/2024\/07\/Capture-decran-2024-07-24-a-12.13.50.jpeg\" alt=\"\" class=\"wp-image-1425\" srcset=\"https:\/\/collectionsgeol3d.gm.umontpellier.fr\/wp-content\/uploads\/2024\/07\/Capture-decran-2024-07-24-a-12.13.50.jpeg 715w, https:\/\/collectionsgeol3d.gm.umontpellier.fr\/wp-content\/uploads\/2024\/07\/Capture-decran-2024-07-24-a-12.13.50-300x169.jpeg 300w, https:\/\/collectionsgeol3d.gm.umontpellier.fr\/wp-content\/uploads\/2024\/07\/Capture-decran-2024-07-24-a-12.13.50-500x281.jpeg 500w\" sizes=\"(max-width: 715px) 100vw, 715px\" \/><\/a><\/figure>\n\n\n\n<figure class=\"wp-block-image size-full\"><a href=\"https:\/\/collectionsgeol3d.gm.umontpellier.fr\/?page_id=1431\"><img loading=\"lazy\" decoding=\"async\" width=\"691\" height=\"389\" data-id=\"1682\" src=\"https:\/\/collectionsgeol3d.gm.umontpellier.fr\/wp-content\/uploads\/2024\/07\/F69A2ED4-3489-4204-839B-9C20ED6ECD86_1_201_a.jpeg\" alt=\"\" class=\"wp-image-1682\" srcset=\"https:\/\/collectionsgeol3d.gm.umontpellier.fr\/wp-content\/uploads\/2024\/07\/F69A2ED4-3489-4204-839B-9C20ED6ECD86_1_201_a.jpeg 691w, https:\/\/collectionsgeol3d.gm.umontpellier.fr\/wp-content\/uploads\/2024\/07\/F69A2ED4-3489-4204-839B-9C20ED6ECD86_1_201_a-300x169.jpeg 300w, https:\/\/collectionsgeol3d.gm.umontpellier.fr\/wp-content\/uploads\/2024\/07\/F69A2ED4-3489-4204-839B-9C20ED6ECD86_1_201_a-500x281.jpeg 500w\" sizes=\"(max-width: 691px) 100vw, 691px\" \/><\/a><\/figure>\n<\/figure>\n\n\n\n<hr class=\"wp-block-separator has-alpha-channel-opacity\"\/>\n\n\n<div class=\"wptb-table-container wptb-table-1097\" data-wptb-horizontal-scroll-status=\"true\"><div class=\"wptb-table-container-matrix\" id=\"wptb-table-id-1097\" data-wptb-version=\"1.4.15\" data-wptb-pro-status=\"false\"><table class=\"wptb-preview-table wptb-element-main-table_setting-232\" style=\"border: 0px solid rgb(255, 255, 255);\" data-reconstraction=\"1\" data-wptb-table-tds-sum-max-width=\"464\" data-wptb-cells-width-auto-count=\"4\" data-wptb-horizontal-scroll-status=\"true\" data-wptb-extra-styles=\"LyogRW50ZXIgeW91ciBjdXN0b20gQ1NTIHJ1bGVzIGhlcmUgKi8=\" role=\"table\" data-wptb-responsive-directives=\"eyJyZXNwb25zaXZlRW5hYmxlZCI6dHJ1ZSwicmVzcG9uc2l2ZU1vZGUiOiJhdXRvIiwicHJlc2VydmVSb3dDb2xvciI6ZmFsc2UsInJlbGF0aXZlV2lkdGgiOiJ3aW5kb3ciLCJoZWFkZXJGdWxseU1lcmdlZCI6ZmFsc2UsIm1vZGVPcHRpb25zIjp7ImF1dG8iOnsiZGlzYWJsZWQiOnsiZGVza3RvcCI6ZmFsc2UsInRhYmxldCI6ZmFsc2UsIm1vYmlsZSI6ZmFsc2V9LCJ0b3BSb3dBc0hlYWRlciI6eyJkZXNrdG9wIjpmYWxzZSwidGFibGV0Ijp0cnVlLCJtb2JpbGUiOmZhbHNlfSwicmVwZWF0TWVyZ2VkSGVhZGVyIjp7ImRlc2t0b3AiOnRydWUsInRhYmxldCI6dHJ1ZSwibW9iaWxlIjp0cnVlfSwic3RhdGljVG9wUm93Ijp7ImRlc2t0b3AiOmZhbHNlLCJ0YWJsZXQiOmZhbHNlLCJtb2JpbGUiOmZhbHNlfSwiY2VsbFN0YWNrRGlyZWN0aW9uIjp7ImRlc2t0b3AiOiJyb3ciLCJ0YWJsZXQiOiJjb2x1bW4iLCJtb2JpbGUiOiJjb2x1bW4ifSwiY2VsbHNQZXJSb3ciOnsiZGVza3RvcCI6MSwidGFibGV0Ijo1LCJtb2JpbGUiOjN9fX0sImJyZWFrcG9pbnRzIjp7ImRlc2t0b3AiOnsibmFtZSI6ImRlc2t0b3AiLCJ3aWR0aCI6MTAyNH0sInRhYmxldCI6eyJuYW1lIjoidGFibGV0Iiwid2lkdGgiOjcwMH0sIm1vYmlsZSI6eyJuYW1lIjoibW9iaWxlIiwid2lkdGgiOjMwMH19fQ==\" data-wptb-adaptive-table=\"0\" data-table-columns=\"4\" data-wptb-header-background-color=\"#FFFFFFFF\" data-wptb-table-alignment=\"center\" data-wptb-even-row-background-color=\"#FFFFFFFF\" data-wptb-odd-row-background-color=\"#FFFFFFFF\"><tbody><tr class=\"wptb-row\" style=\"background-color: rgb(255, 255, 255);\"><td class=\"wptb-cell\" style=\"border: 1px none rgb(255, 255, 255); padding: 8px;\" data-x-index=\"0\" data-y-index=\"0\" data-wptb-css-td-auto-width=\"true\"><div class=\"wptb-image-container wptb-ph-element wptb-element-image-16\" data-wptb-image-alignment=\"center\"><div class=\"wptb-image-wrapper\">            <a class=\"wptb-link-target\" style=\"float: none;\" href=\"https:\/\/www.umontpellier.fr\/\" target=\"_blank\">                                <img loading=\"lazy\" decoding=\"async\" class=\"wptb-image-element-target\" height=\"295\" width=\"808\" style=\"width: 100%;\" src=\"\/\/collectionsgeol3d.gm.umontpellier.fr\/wp-content\/uploads\/2024\/07\/logo_um_2022_rouge_RVB-1.png\">            <\/a>        <\/div><\/div><\/td><td class=\"wptb-cell\" style=\"border: 1px none rgb(255, 255, 255); padding: 8px;\" data-x-index=\"1\" data-y-index=\"0\" data-wptb-css-td-auto-width=\"true\"><div class=\"wptb-image-container wptb-ph-element wptb-element-image-14\" data-wptb-image-alignment=\"center\"><div class=\"wptb-image-wrapper\">            <a class=\"wptb-link-target\" style=\"float: none;\" rel=\"noreferrer\" target=\"_blank\" href=\"https:\/\/www.umontpellier.fr\/universite\/projets-emblematiques\/programme-dexcellence-i-site\">                                <img loading=\"lazy\" decoding=\"async\" class=\"wptb-image-element-target\" style=\"width: 100%;\" src=\"\/\/collectionsgeol3d.gm.umontpellier.fr\/wp-content\/uploads\/2024\/07\/muse-logo.jpg\" width=\"679\" height=\"385\">            <\/a>        <\/div><\/div><\/td><td class=\"wptb-cell\" style=\"border: 1px none rgb(255, 255, 255); padding: 8px;\" data-x-index=\"2\" data-y-index=\"0\" data-wptb-css-td-auto-width=\"true\"><div class=\"wptb-image-container wptb-ph-element wptb-element-image-15\" data-wptb-image-alignment=\"center\"><div class=\"wptb-image-wrapper\">            <a class=\"wptb-link-target\" style=\"float: none;\" target=\"_blank\" href=\"https:\/\/sciences.edu.umontpellier.fr\/\">                                <img loading=\"lazy\" decoding=\"async\" class=\"wptb-image-element-target\" style=\"width: 100%;\" src=\"\/\/collectionsgeol3d.gm.umontpellier.fr\/wp-content\/uploads\/2024\/07\/Faculte-des-Sciences-2022-CMJN-scaled-1.jpg\" width=\"2560\" height=\"1038\">            <\/a>        <\/div><\/div><\/td><td class=\"wptb-cell\" style=\"border: 1px none rgb(255, 255, 255); padding: 8px;\" data-x-index=\"3\" data-y-index=\"0\" data-wptb-css-td-auto-width=\"true\"><div class=\"wptb-image-container wptb-ph-element wptb-element-image-17 edit-active\" data-wptb-image-alignment=\"center\"><div class=\"wptb-image-wrapper\">            <a class=\"wptb-link-target\" style=\"float: none;\" href=\"https:\/\/www.gm.umontpellier.fr\/\" target=\"_blank\">                                <img loading=\"lazy\" decoding=\"async\" class=\"wptb-image-element-target\" height=\"110\" width=\"255\" style=\"width: 100%;\" src=\"\/\/collectionsgeol3d.gm.umontpellier.fr\/wp-content\/uploads\/2024\/07\/UR-GM.png\">            <\/a>        <\/div><\/div><\/td><\/tr><tr class=\"wptb-row\" style=\"--hover-bg-color: undefined; background-color: rgb(255, 255, 255);\"><td class=\"wptb-cell\" style=\"border: 1px none rgb(255, 255, 255); padding: 8px;\" data-x-index=\"0\" data-y-index=\"1\" data-wptb-css-td-auto-width=\"true\"><\/td><td class=\"wptb-cell\" style=\"border: 1px none rgb(255, 255, 255); padding: 8px;\" data-x-index=\"1\" data-y-index=\"1\" data-wptb-css-td-auto-width=\"true\"><\/td><td class=\"wptb-cell\" data-y-index=\"1\" data-x-index=\"2\" style=\"border: 1px none rgb(255, 255, 255); padding: 8px;\" data-wptb-css-td-auto-width=\"true\" data-sorted-vertical=\"ask-disabled\"><\/td><td class=\"wptb-cell\" data-y-index=\"1\" data-x-index=\"3\" style=\"border: 1px none rgb(255, 255, 255); padding: 8px;\" data-wptb-css-td-auto-width=\"true\" data-sorted-vertical=\"ask-disabled\"><\/td><\/tr><tr class=\"wptb-row\" style=\"background-color: rgb(255, 255, 255); --hover-bg-color: undefined;\"><td class=\"wptb-cell\" style=\"border: 1px none rgb(255, 255, 255); padding: 8px;\" data-x-index=\"0\" data-y-index=\"2\" data-wptb-css-td-auto-width=\"true\"><div class=\"wptb-text-container wptb-ph-element wptb-element-text-1\"><div class=\"\" style=\"position: relative;\"><p><br><\/p><\/div><\/div><\/td><td class=\"wptb-cell\" style=\"border: 1px none rgb(255, 255, 255); padding: 8px;\" data-x-index=\"1\" data-y-index=\"2\" data-wptb-css-td-auto-width=\"true\"><div class=\"wptb-text-container wptb-ph-element wptb-element-text-2\" style=\"color: rgb(0, 0, 0); font-size: 15px;\"><div class=\"\" style=\"position: relative;\"><p><br><\/p><\/div><\/div><\/td><td class=\"wptb-cell\" style=\"border: 1px none rgb(255, 255, 255); padding: 8px;\" data-x-index=\"2\" data-y-index=\"2\" data-wptb-css-td-auto-width=\"true\"><div class=\"wptb-text-container wptb-ph-element wptb-element-text-3\"><div class=\"\" style=\"position: relative;\"><p><\/p><\/div><\/div><\/td><td class=\"wptb-cell\" style=\"border: 1px none rgb(255, 255, 255); padding: 8px;\" data-x-index=\"3\" data-y-index=\"2\" data-wptb-css-td-auto-width=\"true\"><div class=\"wptb-text-container wptb-ph-element wptb-element-text-4\"><div class=\"\" style=\"position: relative;\"><p><\/p><\/div><\/div><\/td><\/tr><\/tbody><\/table><\/div><\/div>\n\n","protected":false},"excerpt":{"rendered":"<p>Vue d&#8217;ensemble Les \u00e9chantillons de la collection de l\u2019Universit\u00e9 de Montpellier proviennent en majorit\u00e9 du sud de la France. L\u2019origine de ces tectonites est d\u00e9crite dans le premier onglet et montrent les diff\u00e9rentes zones d\u2019int\u00e9r\u00eat des chercheurs du laboratoire G\u00e9osciences &hellip; <a href=\"https:\/\/collectionsgeol3d.gm.umontpellier.fr\/?page_id=640\">Continuer la lecture <span class=\"meta-nav\">&rarr;<\/span><\/a><\/p>\n","protected":false},"author":4,"featured_media":0,"parent":0,"menu_order":0,"comment_status":"closed","ping_status":"closed","template":"","meta":{"footnotes":""},"_links":{"self":[{"href":"https:\/\/collectionsgeol3d.gm.umontpellier.fr\/index.php?rest_route=\/wp\/v2\/pages\/640"}],"collection":[{"href":"https:\/\/collectionsgeol3d.gm.umontpellier.fr\/index.php?rest_route=\/wp\/v2\/pages"}],"about":[{"href":"https:\/\/collectionsgeol3d.gm.umontpellier.fr\/index.php?rest_route=\/wp\/v2\/types\/page"}],"author":[{"embeddable":true,"href":"https:\/\/collectionsgeol3d.gm.umontpellier.fr\/index.php?rest_route=\/wp\/v2\/users\/4"}],"replies":[{"embeddable":true,"href":"https:\/\/collectionsgeol3d.gm.umontpellier.fr\/index.php?rest_route=%2Fwp%2Fv2%2Fcomments&post=640"}],"version-history":[{"count":16,"href":"https:\/\/collectionsgeol3d.gm.umontpellier.fr\/index.php?rest_route=\/wp\/v2\/pages\/640\/revisions"}],"predecessor-version":[{"id":1792,"href":"https:\/\/collectionsgeol3d.gm.umontpellier.fr\/index.php?rest_route=\/wp\/v2\/pages\/640\/revisions\/1792"}],"wp:attachment":[{"href":"https:\/\/collectionsgeol3d.gm.umontpellier.fr\/index.php?rest_route=%2Fwp%2Fv2%2Fmedia&parent=640"}],"curies":[{"name":"wp","href":"https:\/\/api.w.org\/{rel}","templated":true}]}}